{"id":13894,"date":"2023-07-07T19:52:09","date_gmt":"2023-07-07T19:52:09","guid":{"rendered":"https:\/\/zackmainternational.com\/?page_id=13894"},"modified":"2023-08-20T14:22:15","modified_gmt":"2023-08-20T14:22:15","slug":"carrieres","status":"publish","type":"page","link":"https:\/\/zackmainternational.com\/?page_id=13894","title":{"rendered":"Carri\u00e8res"},"content":{"rendered":"<h3 data-split-text=\"true\" data-split-options=\"{&quot;type&quot;:&quot;words, chars&quot;}\" data-parallax=\"true\" data-parallax-options=\"{&quot;parallaxTargets&quot;:&quot;.lqd-chars, figure&quot;,&quot;start&quot;:&quot;top bottom&quot;,&quot;end&quot;:&quot;center 75%&quot;,&quot;scrub&quot;:3}\" data-parallax-from=\"{&quot;opacity&quot;:0.2}\" data-parallax-to=\"{&quot;opacity&quot;:1,&quot;stagger&quot;:{&quot;from&quot;:&quot;start&quot;,&quot;each&quot;:1}}\">Carri\u00e8res chez Zackma-International<\/p>\n<figure><img width=\"124\" height=\"124\" src=\"https:\/\/zackmainternational.com\/wp-content\/uploads\/2023\/07\/Img-2.png\" alt=\"\" decoding=\"async\" loading=\"lazy\" \/><\/figure>\n<p>Votre potentiel, notre passion.<\/p>\n<figure><img width=\"124\" height=\"124\" src=\"https:\/\/zackmainternational.com\/wp-content\/uploads\/2023\/07\/Img-1.png\" alt=\"\" decoding=\"async\" loading=\"lazy\" \/><\/figure>\n<\/h3>\n<p>Zackma-International est un acteur majeur dans le secteur du B\u00e2timent et Travaux Publics (BTP), de l&#8217;\u00c9lectricit\u00e9, de l&#8217;Eau &amp; Assainissement, de l&#8217;Am\u00e9nagement Agricole, et de diverses autres prestations. Nous sommes engag\u00e9s dans l&#8217;optimisation continue de notre performance et celle de nos collaborateurs.<\/p>\n<p>Nous offrons une r\u00e9mun\u00e9ration comp\u00e9titive avec un syst\u00e8me de primes bas\u00e9 sur la performance pouvant atteindre jusqu&#8217;\u00e0 50% du salaire de base, pour r\u00e9compenser les efforts individuels et la performance exceptionnelle. Notre objectif ? Motiver nos \u00e9quipes \u00e0 atteindre l&#8217;excellence.<\/p>\n<h2  > Opportunit\u00e9s de Carri\u00e8res<\/h2>\n<h3 >B\u00e2timent et Travaux Publics (BTP)  <svg xmlns=\"http:\/\/www.w3.org\/2000\/svg\" width=\"12\" height=\"32\" viewBox=\"0 0 12 32\"><path fill=\"currentColor\" d=\"M8.375 16L.437 8.062C-.125 7.5-.125 6.5.438 5.938s1.563-.563 2.126 0l9 9c.562.562.624 1.5.062 2.062l-9.063 9.063c-.312.312-.687.437-1.062.437s-.75-.125-1.063-.438c-.562-.562-.562-1.562 0-2.125z\" fill=\"currentColor\"><\/path><\/svg><\/h3>\n<p>Rejoignez notre \u00e9quipe d&#8217;experts dans le domaine du BTP et participez \u00e0 la r\u00e9alisation de projets ambitieux, du r\u00e9sidentiel aux grands travaux d&#8217;infrastructure.<\/p>\n<h3 >\u00c9lectricit\u00e9  <svg xmlns=\"http:\/\/www.w3.org\/2000\/svg\" width=\"12\" height=\"32\" viewBox=\"0 0 12 32\"><path fill=\"currentColor\" d=\"M8.375 16L.437 8.062C-.125 7.5-.125 6.5.438 5.938s1.563-.563 2.126 0l9 9c.562.562.624 1.5.062 2.062l-9.063 9.063c-.312.312-.687.437-1.062.437s-.75-.125-1.063-.438c-.562-.562-.562-1.562 0-2.125z\" fill=\"currentColor\"><\/path><\/svg><\/h3>\n<p>Nous sommes \u00e0 la recherche d&#8217;\u00e9lectriciens qualifi\u00e9s, pr\u00eats \u00e0 travailler sur une vari\u00e9t\u00e9 de projets, du r\u00e9sidentiel aux installations commerciales de grande envergure.<\/p>\n<h3 >Eau &amp; Assainissement <svg xmlns=\"http:\/\/www.w3.org\/2000\/svg\" width=\"12\" height=\"32\" viewBox=\"0 0 12 32\"><path fill=\"currentColor\" d=\"M8.375 16L.437 8.062C-.125 7.5-.125 6.5.438 5.938s1.563-.563 2.126 0l9 9c.562.562.624 1.5.062 2.062l-9.063 9.063c-.312.312-.687.437-1.062.437s-.75-.125-1.063-.438c-.562-.562-.562-1.562 0-2.125z\" fill=\"currentColor\"><\/path><\/svg><\/h3>\n<p>Mettez votre expertise en gestion des ressources en eau et en syst\u00e8mes d&#8217;assainissement au service de notre entreprise.<\/p>\n<h3 >Am\u00e9nagement Agricole  <svg xmlns=\"http:\/\/www.w3.org\/2000\/svg\" width=\"12\" height=\"32\" viewBox=\"0 0 12 32\"><path fill=\"currentColor\" d=\"M8.375 16L.437 8.062C-.125 7.5-.125 6.5.438 5.938s1.563-.563 2.126 0l9 9c.562.562.624 1.5.062 2.062l-9.063 9.063c-.312.312-.687.437-1.062.437s-.75-.125-1.063-.438c-.562-.562-.562-1.562 0-2.125z\" fill=\"currentColor\"><\/path><\/svg><\/h3>\n<p> Nous offrons des opportunit\u00e9s aux professionnels de l&#8217;am\u00e9nagement agricole pour travailler sur des projets novateurs d&#8217;am\u00e9nagement de terres agricoles.<\/p>\n<h3 >Prestations Diverses  <svg xmlns=\"http:\/\/www.w3.org\/2000\/svg\" width=\"12\" height=\"32\" viewBox=\"0 0 12 32\"><path fill=\"currentColor\" d=\"M8.375 16L.437 8.062C-.125 7.5-.125 6.5.438 5.938s1.563-.563 2.126 0l9 9c.562.562.624 1.5.062 2.062l-9.063 9.063c-.312.312-.687.437-1.062.437s-.75-.125-1.063-.438c-.562-.562-.562-1.562 0-2.125z\" fill=\"currentColor\"><\/path><\/svg><\/h3>\n<p> Nous avons une gamme vari\u00e9e de postes disponibles dans des domaines tels que la gestion de projet, l&#8217;approvisionnement, l&#8217;ing\u00e9nierie civile, et bien plus encore.<\/p>\n","protected":false},"excerpt":{"rendered":"<p>Carri\u00e8res chez Zackma-International Votre potentiel, notre passion. Zackma-International est un acteur majeur dans le secteur du B\u00e2timent et Travaux Publics (BTP), de l&#8217;\u00c9lectricit\u00e9, de l&#8217;Eau &amp; Assainissement, de l&#8217;Am\u00e9nagement Agricole, et de diverses autres prestations. Nous sommes engag\u00e9s dans l&#8217;optimisation continue de notre performance et celle de nos collaborateurs. Nous offrons une r\u00e9mun\u00e9ration comp\u00e9titive avec [&hellip;]<\/p>\n","protected":false},"author":1,"featured_media":0,"parent":0,"menu_order":0,"comment_status":"closed","ping_status":"closed","template":"","meta":{"footnotes":""},"class_list":["post-13894","page","type-page","status-publish","hentry"],"_links":{"self":[{"href":"https:\/\/zackmainternational.com\/index.php?rest_route=\/wp\/v2\/pages\/13894","targetHints":{"allow":["GET"]}}],"collection":[{"href":"https:\/\/zackmainternational.com\/index.php?rest_route=\/wp\/v2\/pages"}],"about":[{"href":"https:\/\/zackmainternational.com\/index.php?rest_route=\/wp\/v2\/types\/page"}],"author":[{"embeddable":true,"href":"https:\/\/zackmainternational.com\/index.php?rest_route=\/wp\/v2\/users\/1"}],"replies":[{"embeddable":true,"href":"https:\/\/zackmainternational.com\/index.php?rest_route=%2Fwp%2Fv2%2Fcomments&post=13894"}],"version-history":[{"count":49,"href":"https:\/\/zackmainternational.com\/index.php?rest_route=\/wp\/v2\/pages\/13894\/revisions"}],"predecessor-version":[{"id":14247,"href":"https:\/\/zackmainternational.com\/index.php?rest_route=\/wp\/v2\/pages\/13894\/revisions\/14247"}],"wp:attachment":[{"href":"https:\/\/zackmainternational.com\/index.php?rest_route=%2Fwp%2Fv2%2Fmedia&parent=13894"}],"curies":[{"name":"wp","href":"https:\/\/api.w.org\/{rel}","templated":true}]}}