{"id":13544,"date":"2023-06-18T12:43:34","date_gmt":"2023-06-18T12:43:34","guid":{"rendered":"https:\/\/zackmainternational.com\/?page_id=13544"},"modified":"2023-06-18T14:07:28","modified_gmt":"2023-06-18T14:07:28","slug":"nos-services","status":"publish","type":"page","link":"https:\/\/zackmainternational.com\/?page_id=13544","title":{"rendered":"Nos Services"},"content":{"rendered":"<h1  > Nos Services<br \/>\n<\/h1>\n<p  > Chez Zackma International, nous offrons une large gamme de services de construction et<br \/>\nd&#8217;am\u00e9nagement. Notre \u00e9quipe exp\u00e9riment\u00e9e et notre vaste r\u00e9seau de partenaires nous<br \/>\npermettent de g\u00e9rer des projets de toutes envergures, de la conception \u00e0 la r\u00e9alisation<\/p>\n<h6  > Services<\/h6>\n<ul id=\"24a07b83\"  data-localscroll=\"true\" data-localscroll-options=\"{&quot;itemsSelector&quot;:&quot;&gt; li &gt; a&quot;,&quot;trackWindowScroll&quot;:true,&quot;includeParentAsOffset&quot;:false,&quot;offsetElements&quot;:&quot;[data-sticky-header] .lqd-head-sec-wrap:not(.lqd-hide-onstuck), #wpadminbar, body.elementor-page .main-header[data-sticky-header] &gt; .elementor &gt; .elementor-section-wrap &gt; .elementor-section:not(.lqd-hide-onstuck):not(.lqd-stickybar-wrap), body.elementor-page .main-header[data-sticky-header] &gt; .elementor &gt; .elementor-section:not(.lqd-hide-onstuck):not(.lqd-stickybar-wrap)&quot;}\">\n<li>\n\t\t\t\t\t\t\t<a href=\"#btp\" target=\"_self\" rel=\"noopener\"><br \/>\n\t\t\t\t\t\t\t\t\t\t\t\t\t\t\t\t\tB\u00e2timent et Travaux Publics (BTP)<br \/>\n\t\t\t\t\t\t\t\t\t\t\t\t\t\t\t\t\t\t\t\t\t\t\t<\/a>\n\t\t\t\t\t\t\t\t\t\t\t\t\t<\/li>\n<li>\n\t\t\t\t\t\t\t<a href=\"#electricity\" target=\"_self\" rel=\"noopener\"><br \/>\n\t\t\t\t\t\t\t\t\t\t\t\t\t\t\t\t\t\u00c9lectricit\u00e9<br \/>\n\t\t\t\t\t\t\t\t\t\t\t\t\t\t\t\t\t\t\t\t\t\t\t<\/a>\n\t\t\t\t\t\t\t\t\t\t\t\t\t<\/li>\n<li>\n\t\t\t\t\t\t\t<a href=\"#water\" target=\"_self\" rel=\"noopener\"><br \/>\n\t\t\t\t\t\t\t\t\t\t\t\t\t\t\t\t\tEau et Assainissement<br \/>\n\t\t\t\t\t\t\t\t\t\t\t\t\t\t\t\t\t\t\t\t\t\t\t<\/a>\n\t\t\t\t\t\t\t\t\t\t\t\t\t<\/li>\n<li>\n\t\t\t\t\t\t\t<a href=\"#agriculture\" target=\"_self\" rel=\"noopener\"><br \/>\n\t\t\t\t\t\t\t\t\t\t\t\t\t\t\t\t\tAm\u00e9nagement Agricoles<br \/>\n\t\t\t\t\t\t\t\t\t\t\t\t\t\t\t\t\t\t\t\t\t\t\t<\/a>\n\t\t\t\t\t\t\t\t\t\t\t\t\t<\/li>\n<li>\n\t\t\t\t\t\t\t<a href=\"#misc\" target=\"_self\" rel=\"noopener\"><br \/>\n\t\t\t\t\t\t\t\t\t\t\t\t\t\t\t\t\tPrestations diverses<br \/>\n\t\t\t\t\t\t\t\t\t\t\t\t\t\t\t\t\t\t\t\t\t\t\t<\/a>\n\t\t\t\t\t\t\t\t\t\t\t\t\t<\/li>\n<\/ul>\n<style>\/*! elementor - v3.13.3 - 28-05-2023 *\/\nbody.elementor-page .elementor-widget-menu-anchor{margin-bottom:0}<\/style>\n<figure>\n\t\t\t\t\t\t<img decoding=\"async\" src=\"https:\/\/zackmainternational.com\/wp-content\/uploads\/2023\/06\/img-1@2x-1-2.jpg\">\t\t\t\t\t<\/figure>\n<h2>B\u00e2timent et Travaux Publics (BTP)<\/h2>\n<p>Notre expertise dans le secteur du BTP englobe la construction de b\u00e2timents r\u00e9sidentiels et<br \/>\ncommerciaux, la r\u00e9alisation d&#8217;infrastructures publiques, la r\u00e9novation et la restauration.<br \/>\nNous garantissons des travaux de haute qualit\u00e9, respectant les d\u00e9lais et les budgets<\/p>\n<figure>\n\t\t\t\t\t\t<img decoding=\"async\" src=\"https:\/\/zackmainternational.com\/wp-content\/uploads\/2023\/06\/power-line-np-background-of-the-sunset-a-lot-of-supports-for-wires-stockpack-unsplash.jpg\">\t\t\t\t\t<\/figure>\n<h2>\u00c9lectricit\u00e9<\/h2>\n<p>Zackma International fournit une gamme compl\u00e8te de services \u00e9lectriques. Qu&#8217;il s&#8217;agisse<br \/>\nd&#8217;installations \u00e9lectriques pour de nouveaux b\u00e2timents, de mises \u00e0 niveau de syst\u00e8mes<br \/>\nexistants ou de maintenance \u00e9lectrique, nous nous assurons que tout est fait selon les<br \/>\nnormes de s\u00e9curit\u00e9 les plus strictes<\/p>\n<figure>\n\t\t\t\t\t\t<img decoding=\"async\" src=\"https:\/\/zackmainternational.com\/wp-content\/uploads\/2023\/06\/clear-drinking-glass-with-water-stockpack-unsplash.jpg\">\t\t\t\t\t<\/figure>\n<h2>Eau et Assainissement<\/h2>\n<p>Nous offrons des solutions compl\u00e8tes pour les syst\u00e8mes d&#8217;eau et d&#8217;assainissement, y<br \/>\ncompris l&#8217;installation et la maintenance des r\u00e9seaux d&#8217;eau et d&#8217;assainissement, le traitement<br \/>\nde l&#8217;eau et la gestion des eaux us\u00e9es. Nous respectons les normes environnementales les<br \/>\nplus \u00e9lev\u00e9es pour assurer un acc\u00e8s s\u00fbr et durable \u00e0 l&#8217;eau<\/p>\n<figure>\n\t\t\t\t\t\t<img decoding=\"async\" src=\"https:\/\/zackmainternational.com\/wp-content\/uploads\/2023\/06\/angle-two-of-zenith-vineyards-outside-salem-oregon-these-vineyards-are-scattered-over-several-hills-outside-salem-oregon-this-area-called-the-willamette-valley-is-a-major-producer-of-wine-in-the-unite-stockpack-unsplash.jpg\">\t\t\t\t\t<\/figure>\n<h2>Am\u00e9nagement Agricoles<\/h2>\n<p>Zackma International est sp\u00e9cialis\u00e9e dans l&#8217;am\u00e9nagement de terrains agricoles, y compris la<br \/>\npr\u00e9paration de terrains pour la plantation, l&#8217;installation de syst\u00e8mes d&#8217;irrigation et la<br \/>\nconstruction de structures agricoles. Nous mettons en place des solutions durables qui<br \/>\naugmentent la productivit\u00e9 tout en pr\u00e9servant l&#8217;environnement<\/p>\n<figure>\n\t\t\t\t\t\t<img decoding=\"async\" src=\"https:\/\/zackmainternational.com\/wp-content\/uploads\/2023\/06\/image@2x-1.jpg\">\t\t\t\t\t<\/figure>\n<h2>Prestations diverses<\/h2>\n<p>En plus de ces services, nous offrons \u00e9galement une gamme de prestations diverses pour<br \/>\nr\u00e9pondre \u00e0 une vari\u00e9t\u00e9 de besoins de nos clients. Que vous ayez besoin d&#8217;un consultant en<br \/>\ngestion de projet, d&#8217;un expert en r\u00e9novation ou d&#8217;un partenaire pour un projet unique,<br \/>\nZackma International est l\u00e0 pour vous aider<\/p>\n<h2><\/h2>\n","protected":false},"excerpt":{"rendered":"<p>Nos Services Chez Zackma International, nous offrons une large gamme de services de construction et d&#8217;am\u00e9nagement. Notre \u00e9quipe exp\u00e9riment\u00e9e et notre vaste r\u00e9seau de partenaires nous permettent de g\u00e9rer des projets de toutes envergures, de la conception \u00e0 la r\u00e9alisation Services B\u00e2timent et Travaux Publics (BTP) \u00c9lectricit\u00e9 Eau et Assainissement Am\u00e9nagement Agricoles Prestations diverses B\u00e2timent [&hellip;]<\/p>\n","protected":false},"author":1,"featured_media":0,"parent":0,"menu_order":0,"comment_status":"closed","ping_status":"closed","template":"","meta":{"footnotes":""},"class_list":["post-13544","page","type-page","status-publish","hentry"],"_links":{"self":[{"href":"https:\/\/zackmainternational.com\/index.php?rest_route=\/wp\/v2\/pages\/13544","targetHints":{"allow":["GET"]}}],"collection":[{"href":"https:\/\/zackmainternational.com\/index.php?rest_route=\/wp\/v2\/pages"}],"about":[{"href":"https:\/\/zackmainternational.com\/index.php?rest_route=\/wp\/v2\/types\/page"}],"author":[{"embeddable":true,"href":"https:\/\/zackmainternational.com\/index.php?rest_route=\/wp\/v2\/users\/1"}],"replies":[{"embeddable":true,"href":"https:\/\/zackmainternational.com\/index.php?rest_route=%2Fwp%2Fv2%2Fcomments&post=13544"}],"version-history":[{"count":64,"href":"https:\/\/zackmainternational.com\/index.php?rest_route=\/wp\/v2\/pages\/13544\/revisions"}],"predecessor-version":[{"id":13613,"href":"https:\/\/zackmainternational.com\/index.php?rest_route=\/wp\/v2\/pages\/13544\/revisions\/13613"}],"wp:attachment":[{"href":"https:\/\/zackmainternational.com\/index.php?rest_route=%2Fwp%2Fv2%2Fmedia&parent=13544"}],"curies":[{"name":"wp","href":"https:\/\/api.w.org\/{rel}","templated":true}]}}